{"id":1038,"date":"2022-11-15T14:35:38","date_gmt":"2022-11-15T13:35:38","guid":{"rendered":"https:\/\/sailing-enja.com\/?page_id=1038"},"modified":"2022-11-15T14:49:29","modified_gmt":"2022-11-15T13:49:29","slug":"the-journey","status":"publish","type":"page","link":"https:\/\/sailing-enja.com\/en\/the-journey\/","title":{"rendered":"The Journey"},"content":{"rendered":"<p>[et_pb_section fb_built=&#8221;1&#8243; fullwidth=&#8221;on&#8221; _builder_version=&#8221;4.18.0&#8243; _module_preset=&#8221;default&#8221; global_colors_info=&#8221;{}&#8221;][et_pb_fullwidth_post_title meta=&#8221;off&#8221; featured_image=&#8221;off&#8221; _builder_version=&#8221;4.19.0&#8243; _module_preset=&#8221;default&#8221; title_font=&#8221;Caveat||||||||&#8221; title_text_align=&#8221;center&#8221; title_text_color=&#8221;#FFFFFF&#8221; title_font_size=&#8221;160px&#8221; title_line_height=&#8221;2em&#8221; background_image=&#8221;https:\/\/sailing-enja.com\/wp-content\/uploads\/2021\/07\/nattu-adnan-Ai2TRdvI6gM-unsplash-scaled.jpg&#8221; custom_padding=&#8221;120px||100px||false|false&#8221; title_font_size_tablet=&#8221;&#8221; title_font_size_phone=&#8221;40px&#8221; title_font_size_last_edited=&#8221;on|phone&#8221; title_text_shadow_style=&#8221;preset1&#8243; global_module=&#8221;140&#8243; saved_tabs=&#8221;all&#8221; global_colors_info=&#8221;{}&#8221;][\/et_pb_fullwidth_post_title][\/et_pb_section][et_pb_section fb_built=&#8221;1&#8243; _builder_version=&#8221;4.18.0&#8243; _module_preset=&#8221;default&#8221; background_enable_image=&#8221;off&#8221; background_size=&#8221;initial&#8221; background_position=&#8221;center_left&#8221; top_divider_color=&#8221;rgba(0,137,211,0.07)&#8221; bottom_divider_color=&#8221;#00324E&#8221; global_colors_info=&#8221;{}&#8221;][et_pb_row _builder_version=&#8221;4.18.0&#8243; _module_preset=&#8221;default&#8221; global_colors_info=&#8221;{}&#8221;][et_pb_column type=&#8221;4_4&#8243; _builder_version=&#8221;4.16&#8243; _module_preset=&#8221;default&#8221; global_colors_info=&#8221;{}&#8221;][et_pb_text _builder_version=&#8221;4.19.0&#8243; _module_preset=&#8221;default&#8221; header_font=&#8221;||||||||&#8221; header_2_font=&#8221;Montserrat|300|||||||&#8221; background_color=&#8221;rgba(255,255,255,0.69)&#8221; background_image=&#8221;https:\/\/sailing-enja.com\/wp-content\/uploads\/2022\/11\/Logo_enja-transparent-5.png&#8221; background_size=&#8221;contain&#8221; custom_padding=&#8221;30px|30px|30px|30px|false|false&#8221; header_2_font_size_tablet=&#8221;&#8221; header_2_font_size_phone=&#8221;30px&#8221; header_2_font_size_last_edited=&#8221;on|phone&#8221; global_colors_info=&#8221;{}&#8221;]<\/p>\n<h2>What gave us the idea to start the journey?<\/h2>\n<p>It was personal experiences that made us think about what is really important to us in life. What do we really want? What do we do in our lives only out of habit or because we shy away from change? The idea matured for almost 2 years, and we thought about how we could implement the project until the time came in 2020 and we gave the adventure a fixed date. We began to align and redesign our lives for 2023.<\/p>\n<h2>How do we lay out our journey?<\/h2>\n<p>For us, the focus was always very clear that everything is possible, but nothing has to be. We have made up our minds to cross the Atlantic first, and then decide whether and how to continue.<\/p>\n<p>We don\u2019t have to prove anything to ourselves or anyone else. We want to give room to being spontaneous and to act according to our needs. The goal is to get rid of the driven nature of the former working world, and not to replace it with an inner driver. We want not only to sail, but also to spend a lot of time in different places, to experience the country and its people, and to immerse ourselves in the atmosphere of the places we visit. On the voyage we will always be accompanied by friends and selected guests who find our journey appealing (more details can be found under Patreon from 2023). We will certainly spend some time together on the ship, as in the last years. It should be a good mix.<\/p>\n<p>[\/et_pb_text][\/et_pb_column][\/et_pb_row][\/et_pb_section][et_pb_section fb_built=&#8221;1&#8243; _builder_version=&#8221;4.19.0&#8243; _module_preset=&#8221;default&#8221; background_color=&#8221;rgba(0,162,211,0.1)&#8221; hover_enabled=&#8221;0&#8243; collapsed=&#8221;on&#8221; global_colors_info=&#8221;{}&#8221; theme_builder_area=&#8221;post_content&#8221; module_id=&#8221;crew&#8221; sticky_enabled=&#8221;0&#8243;][et_pb_row _builder_version=&#8221;4.16&#8243; _module_preset=&#8221;default&#8221; global_colors_info=&#8221;{}&#8221; theme_builder_area=&#8221;post_content&#8221;][et_pb_column type=&#8221;4_4&#8243; _builder_version=&#8221;4.16&#8243; _module_preset=&#8221;default&#8221; global_colors_info=&#8221;{}&#8221; theme_builder_area=&#8221;post_content&#8221;][et_pb_text _builder_version=&#8221;4.16&#8243; _module_preset=&#8221;default&#8221; header_2_font_size_tablet=&#8221;&#8221; header_2_font_size_phone=&#8221;30px&#8221; header_2_font_size_last_edited=&#8221;on|phone&#8221; global_colors_info=&#8221;{}&#8221; theme_builder_area=&#8221;post_content&#8221;]<\/p>\n<h2 style=\"text-align: center;\">Crew<\/h2>\n<p>[\/et_pb_text][et_pb_image src=&#8221;https:\/\/sailing-enja.com\/wp-content\/uploads\/2021\/08\/portrait.jpeg&#8221; title_text=&#8221;portrait&#8221; align=&#8221;center&#8221; _builder_version=&#8221;4.16&#8243; _module_preset=&#8221;default&#8221; global_colors_info=&#8221;{}&#8221; theme_builder_area=&#8221;post_content&#8221;][\/et_pb_image][\/et_pb_column][\/et_pb_row][et_pb_row column_structure=&#8221;1_2,1_2&#8243; _builder_version=&#8221;4.16&#8243; _module_preset=&#8221;default&#8221; global_colors_info=&#8221;{}&#8221; theme_builder_area=&#8221;post_content&#8221;][et_pb_column type=&#8221;1_2&#8243; _builder_version=&#8221;4.16&#8243; _module_preset=&#8221;default&#8221; global_colors_info=&#8221;{}&#8221; theme_builder_area=&#8221;post_content&#8221;][et_pb_text _builder_version=&#8221;4.16&#8243; _module_preset=&#8221;default&#8221; background_color=&#8221;#FFFFFF&#8221; custom_padding=&#8221;25px|25px|25px|25px|false|false&#8221; header_2_font_size_tablet=&#8221;&#8221; header_2_font_size_phone=&#8221;30px&#8221; header_2_font_size_last_edited=&#8221;on|phone&#8221; header_3_font_size_tablet=&#8221;&#8221; header_3_font_size_phone=&#8221;24px&#8221; header_3_font_size_last_edited=&#8221;on|phone&#8221; global_colors_info=&#8221;{}&#8221; theme_builder_area=&#8221;post_content&#8221;]<\/p>\n<h3>Sigrid<\/h3>\n<p>The element water has fascinated me since my childhood. Nevertheless, the first sport I did very intensively was horseback riding. Nature, animals, children, I always liked to be at home in the analog part of the world, which also led to my future profession as an elementary educator.<\/p>\n<p>The years from 1991 onwards were marked by work, starting a family, and building a house. My divorce in 2004 forced me to turn away from the traditional path. In 2005 I completed my extra-occupational training as a social and life counsellor with a mental focus at the Mentalkolleg Bregenz.<\/p>\n<p>In 2010 my journey through life with Thomas began. From the beginning, this meant sharing with him the joy of sailing, which was not difficult for me. I immediately felt safe with Thomas, having had sailing experience since childhood. He is a great skipper! Route planning, weather and technical aches and pains, I have not yet encountered anything that he could not solve. Again, and again friends and acquaintances accompanied us, but we also like to sail in pairs.<\/p>\n<p>More and more I was looking for books about people who have sailed for longer periods of time. Couples, families, across the Atlantic or even around the world. To me this possibility seemed unattainable and yet more and more the certainty arose that I would like to experience this as well. Greatest awe for the achievements of these people and for their adventures. But it also gave me a good insight into what it means to embark on such a journey. And now the dream has arrived in my life!<\/p>\n<p>Together we will start and get involved in what is to come.<\/p>\n<p>[\/et_pb_text][\/et_pb_column][et_pb_column type=&#8221;1_2&#8243; _builder_version=&#8221;4.16&#8243; _module_preset=&#8221;default&#8221; global_colors_info=&#8221;{}&#8221; theme_builder_area=&#8221;post_content&#8221;][et_pb_text _builder_version=&#8221;4.16&#8243; _module_preset=&#8221;default&#8221; background_color=&#8221;#FFFFFF&#8221; custom_padding=&#8221;25px|25px|25px|25px|false|false&#8221; header_3_font_size_tablet=&#8221;&#8221; header_3_font_size_phone=&#8221;24px&#8221; header_3_font_size_last_edited=&#8221;on|phone&#8221; global_colors_info=&#8221;{}&#8221; theme_builder_area=&#8221;post_content&#8221;]<\/p>\n<h3>Thomas<\/h3>\n<p>It was St. Gilgen at the Wolfgangsee where sailing started early. The idea to sail around the world one day is already old. At the age of 15 I read the book &#8220;Taboo&#8221; by Wolfgang Hausner, in which he described his first round-the-world sailing trip. From then on, I wanted to go on a great voyage. Years later, I experienced two long-distance sailings with Wolfgang Hausner, which inspired me even more.<\/p>\n<p>My first education was in plastics engineering at TGM Vienna, quite beneficial for sailing, there is always something to repair, as I soon learned.<\/p>\n<p>30 years as an entrepreneur with many beautiful development projects and start ups, which I was allowed to accompany with my successful method in the development of their potentials, are now behind me. It was a time to help shape our world with great teams and unique opportunities that I would not want to miss.<\/p>\n<p>With Sigrid I met a wonderful and compassionate person in 2010 and she revived the almost abandoned desire of me to sail around the world and charged it with so much confidence and energy that we started with the concrete planning.<\/p>\n<p>&#8220;<em>Life is like a circus ring in which we can only go one round and we should always decide in which role we will go the next part. In life there is no rehearsal, whatever we do is the unique now in which we may decide to live our potentials and dreams.<\/em>&#8220;<\/p>\n<p>One important role is still missing for me &#8211; living and sailing on a ship. The time is perfect!<\/p>\n<p>[\/et_pb_text][\/et_pb_column][\/et_pb_row][\/et_pb_section][et_pb_section fb_built=&#8221;1&#8243; module_id=&#8221;wo&#8221; _builder_version=&#8221;4.19.0&#8243; _module_preset=&#8221;default&#8221; hover_enabled=&#8221;0&#8243; global_colors_info=&#8221;{}&#8221; sticky_enabled=&#8221;0&#8243;][et_pb_row _builder_version=&#8221;4.18.0&#8243; _module_preset=&#8221;default&#8221; global_colors_info=&#8221;{}&#8221;][et_pb_column type=&#8221;4_4&#8243; _builder_version=&#8221;4.18.0&#8243; _module_preset=&#8221;default&#8221; global_colors_info=&#8221;{}&#8221;][et_pb_text _builder_version=&#8221;4.19.0&#8243; _module_preset=&#8221;default&#8221; hover_enabled=&#8221;0&#8243; global_colors_info=&#8221;{}&#8221; sticky_enabled=&#8221;0&#8243;]<\/p>\n<h2 style=\"text-align: center;\">Where have we been until 2022?<\/h2>\n<p>[\/et_pb_text][\/et_pb_column][\/et_pb_row][et_pb_row _builder_version=&#8221;4.18.0&#8243; _module_preset=&#8221;default&#8221; global_colors_info=&#8221;{}&#8221;][et_pb_column type=&#8221;4_4&#8243; _builder_version=&#8221;4.18.0&#8243; _module_preset=&#8221;default&#8221; global_colors_info=&#8221;{}&#8221;][et_pb_text _builder_version=&#8221;4.19.0&#8243; _module_preset=&#8221;default&#8221; hover_enabled=&#8221;0&#8243; global_colors_info=&#8221;{}&#8221; sticky_enabled=&#8221;0&#8243;]<\/p>\n<h3>13 countries visited and 16.230  miles sailed\u00a0<\/span><\/h3>\n<p><strong><\/strong><\/p>\n<p><strong>Europe<\/strong><\/p>\n<p><span>Italy, Croatia, Greece, Turkey, France, Malta, England, Danmark<\/span><\/p>\n<p><strong>Rest of the World<\/strong><span><\/span><\/p>\n<p><span>Kapverden, Gran Canaria, Thailand, Malaysia, Philippinen<\/span>[\/et_pb_text][et_pb_text _builder_version=&#8221;4.18.0&#8243; _module_preset=&#8221;default&#8221; global_colors_info=&#8221;{}&#8221;][\/et_pb_text][\/et_pb_column][\/et_pb_row][\/et_pb_section]<\/p>\n","protected":false},"excerpt":{"rendered":"<p>What gave us the idea to start the journey? It was personal experiences that made us think about what is really important to us in life. What do we really want? What do we do in our lives only out of habit or because we shy away from change? The idea matured for almost 2 [&hellip;]<\/p>\n","protected":false},"author":1,"featured_media":0,"parent":0,"menu_order":0,"comment_status":"closed","ping_status":"closed","template":"","meta":{"_et_pb_use_builder":"on","_et_pb_old_content":"[et_pb_section fb_built=\"1\" fullwidth=\"on\" _builder_version=\"4.18.0\" _module_preset=\"default\" global_colors_info=\"{}\"][et_pb_fullwidth_post_title meta=\"off\" featured_image=\"off\" _builder_version=\"4.18.0\" _module_preset=\"default\" title_font=\"Caveat||||||||\" title_text_align=\"center\" title_text_color=\"#FFFFFF\" title_font_size=\"160px\" title_line_height=\"2em\" background_image=\"https:\/\/sailing-enja.com\/wp-content\/uploads\/2021\/07\/nattu-adnan-Ai2TRdvI6gM-unsplash-scaled.jpg\" custom_padding=\"120px||100px||false|false\" title_font_size_tablet=\"\" title_font_size_phone=\"40px\" title_font_size_last_edited=\"on|phone\" title_text_shadow_style=\"preset1\" global_module=\"140\" saved_tabs=\"all\" global_colors_info=\"{}\"][\/et_pb_fullwidth_post_title][\/et_pb_section][et_pb_section fb_built=\"1\" _builder_version=\"4.18.0\" _module_preset=\"default\" background_enable_image=\"off\" background_size=\"initial\" background_position=\"center_left\" top_divider_color=\"rgba(0,137,211,0.07)\" bottom_divider_color=\"#00324E\" global_colors_info=\"{}\"][et_pb_row _builder_version=\"4.18.0\" _module_preset=\"default\" global_colors_info=\"{}\"][et_pb_column type=\"4_4\" _builder_version=\"4.16\" _module_preset=\"default\" global_colors_info=\"{}\"][et_pb_text _builder_version=\"4.18.0\" _module_preset=\"default\" header_font=\"||||||||\" header_2_font=\"Montserrat|300|||||||\" background_color=\"rgba(255,255,255,0.69)\" background_image=\"https:\/\/sailing-enja.com\/wp-content\/uploads\/2022\/11\/Logo_enja-transparent-5.png\" background_size=\"contain\" custom_padding=\"30px|30px|30px|30px|false|false\" header_2_font_size_tablet=\"\" header_2_font_size_phone=\"30px\" header_2_font_size_last_edited=\"on|phone\" global_colors_info=\"{}\"]\n<h2>Warum machen wir diese Reise?<\/h2>\nEs waren pers\u00f6nliche Erlebnisse die uns zum Nachdenken gebracht haben, was uns wirklich wichtig im Leben ist. Was wollen wir wirklich? Was machen wir in unserem Leben nur aus Gewohnheit oder weil wir die Ver\u00e4nderung scheuen? Fast 2 Jahre ist der Gedanke gereift und \u00dcberlegungen wie wir das Projekt umsetzen k\u00f6nnen, wurden angestellt, bis es dann 2020 so weit war und wir dem Abenteuer einen&nbsp; fixen Termin gegeben haben. Wir begannen unser Leben auf 2023 auszurichten und umzugestalten.\n\n&nbsp;\n<h2>Wie legen wir unsere Reise an?<\/h2>\nF\u00fcr uns stand immer klar im Vordergrund, dass alles m\u00f6glich ist aber nichts sein muss. Wir haben uns vorgenommen, zuerst den Atlantik zu \u00fcberqueren, und dann zu entscheiden, ob und wie es weiter geht. Wir m\u00fcssen uns und niemandem sonst etwas beweisen. Wir wollen der Spontanit\u00e4t Raum geben und uns nach unseren Bed\u00fcrfnissen richten. Ziel ist es, die Getriebenheit der fr\u00fcheren Arbeitswelt loszuwerden, und sie nicht durch einen inneren Antreiber zu ersetzten. Wir wollen nicht nur segeln sondern auch viel Zeit an verschiedenen Orten verbringen, Land und Leute erleben und in die Atmosph\u00e4re der besuchten Pl\u00e4tze eintauchen. Auf der Reise werden uns immer wieder Freunde begleiten und ausgew\u00e4hlte G\u00e4ste, die unsere Reise ansprechend finden (N\u00e4heres findet ihr unter Patreon ab 2023). Wir werden sicher einige Zeit zu zweit auf dem Schiff verbringen, wie auch in den letzten Jahren.&nbsp; Ein guter Mix soll es werden.\n\n[\/et_pb_text][\/et_pb_column][\/et_pb_row][\/et_pb_section][et_pb_section fb_built=\"1\" module_id=\"crew\" _builder_version=\"4.18.0\" _module_preset=\"default\" background_color=\"rgba(0,162,211,0.1)\" collapsed=\"on\" global_colors_info=\"{}\"][et_pb_row _builder_version=\"4.16\" _module_preset=\"default\" global_colors_info=\"{}\"][et_pb_column type=\"4_4\" _builder_version=\"4.16\" _module_preset=\"default\" global_colors_info=\"{}\"][et_pb_text _builder_version=\"4.18.0\" _module_preset=\"default\" header_2_font_size_tablet=\"\" header_2_font_size_phone=\"30px\" header_2_font_size_last_edited=\"on|phone\" global_colors_info=\"{}\"]\n<h2 style=\"text-align: center;\">Die Crew<\/h2>\n[\/et_pb_text][\/et_pb_column][\/et_pb_row][et_pb_row column_structure=\"1_2,1_2\" make_equal=\"on\" _builder_version=\"4.18.0\" _module_preset=\"default\" global_colors_info=\"{}\"][et_pb_column type=\"1_2\" _builder_version=\"4.18.0\" _module_preset=\"default\" background_color=\"#FFFFFF\" global_colors_info=\"{}\"][et_pb_text _builder_version=\"4.18.0\" _module_preset=\"default\" background_color=\"#FFFFFF\" custom_padding=\"25px|25px|25px|25px|false|false\" hover_enabled=\"0\" header_3_font_size_tablet=\"\" header_3_font_size_phone=\"24px\" header_3_font_size_last_edited=\"on|phone\" global_colors_info=\"{}\" sticky_enabled=\"0\"]\n<h3>Thomas<\/h3>\nAm Wolfgangsee hat das Segeln in meiner Kindheit seinen Anfang genommen. Die Idee, eines Tages um die Welt zu segeln, ist schon alt. Mit 15 Jahren habe ich das Buch \u201eTaboo\u201c von Wolfgang Hausner gelesen, in dem er seine erste Weltumseglung beschrieben hat. Von da an wollte ich auf gro\u00dfe Reise gehen. Jahre sp\u00e4ter erlebte ich mit Wolfgang Hausner zwei Langstreckent\u00f6rns, diese Zeit mit ihm inspiriert mich bis heute.\n\nMeine erste Ausbildung war Kunststofftechnik am TGM Wien, durchaus vorteilhaft beim Segeln, es gibt immer etwas zu reparieren, wie ich schnell erkannt habe. In den letzten 30 Jahren habe ich als Unternehmer und Coach an den Potentialen von Organisationen und Teams, mit einer von mir entwickelnten Methode, gearbeitet. Sobald die Arbeit getan war, verbrachte ich fast jede freie Minute mit Segeln.\n\n<em>\u201eDas Leben ist wie eine Manege in der wir eine Runde gehen. In unserer einzigartigen Runde, wollen wir unsere Potentiale und Tr\u00e4ume leben.\u201c<\/em>\n\n[\/et_pb_text][\/et_pb_column][et_pb_column type=\"1_2\" _builder_version=\"4.18.0\" _module_preset=\"default\" background_color=\"#FFFFFF\" global_colors_info=\"{}\"][et_pb_text _builder_version=\"4.18.0\" _module_preset=\"default\" background_color=\"#FFFFFF\" custom_padding=\"25px|25px|25px|25px|false|false\" hover_enabled=\"0\" header_2_font_size_tablet=\"\" header_2_font_size_phone=\"30px\" header_2_font_size_last_edited=\"on|phone\" header_3_font_size_tablet=\"\" header_3_font_size_phone=\"24px\" header_3_font_size_last_edited=\"on|phone\" global_colors_info=\"{}\" sticky_enabled=\"0\"]\n<h3>Sigrid<\/h3>\nDas Element Wasser hat mich schon seit meiner Kindheit begeistert.\n\n2010 hat meine Reise durchs Leben mit Thomas begonnen. Das bedeutete von Anfang an, mit ihm die Freude am Segeln zu teilen, was mir nicht schwer gefallen ist. Ich f\u00fchlte mich sofort bei Thomas sicher aufgehoben, hat er doch seit seiner Kindheit Segelerfahrung gesammelt.\n\nImmer wieder begleiten uns auch Freunde und Bekannte, wir segeln aber auch gerne zu zweit.\n\nMehr und mehr suchte ich B\u00fccher \u00fcber Menschen, die l\u00e4ngere Zeitr\u00e4ume gesegelt sind. Paare, Familien, \u00fcber den Atlantik oder sogar um die Welt. Mir kam diese M\u00f6glichkeit unerreichbar vor und doch entwickelten wir nach und nach die n\u00f6tigen Schritte um diesen Traum Realit\u00e4t werden zu lassen.\n\n<em>\u201eManchmal warten wir mit bestimmten Dingen so lange, als h\u00e4tten wir noch ein zweites Leben.\u201c<\/em>\n\n[\/et_pb_text][\/et_pb_column][\/et_pb_row][et_pb_row column_structure=\"1_2,1_2\" _builder_version=\"4.18.0\" _module_preset=\"default\" background_color=\"#FFFFFF\" custom_margin=\"||0px||false|false\" custom_padding=\"||0px||false|false\" global_colors_info=\"{}\"][et_pb_column type=\"1_2\" _builder_version=\"4.18.0\" _module_preset=\"default\" global_colors_info=\"{}\"][et_pb_text _builder_version=\"4.18.0\" _module_preset=\"default\" header_3_font_size=\"26px\" background_color=\"#FFFFFF\" custom_margin=\"||2px|||\" custom_padding=\"|25px||25px|false|false\" header_2_font_size_tablet=\"\" header_2_font_size_phone=\"30px\" header_2_font_size_last_edited=\"on|phone\" header_3_font_size_tablet=\"\" header_3_font_size_phone=\"24px\" header_3_font_size_last_edited=\"on|phone\" global_colors_info=\"{}\"]\n<h3>Wir<\/h3>\n[\/et_pb_text][et_pb_image src=\"https:\/\/sailing-enja.com\/wp-content\/uploads\/2021\/08\/portrait.jpeg\" title_text=\"portrait\" align=\"center\" _builder_version=\"4.18.0\" _module_preset=\"default\" custom_padding=\"|||25px|false|false\" global_colors_info=\"{}\"][\/et_pb_image][\/et_pb_column][et_pb_column type=\"1_2\" _builder_version=\"4.18.0\" _module_preset=\"default\" global_colors_info=\"{}\"][et_pb_text _builder_version=\"4.18.0\" _module_preset=\"default\" background_color=\"#FFFFFF\" custom_padding=\"45px|25px|0px|0px|false|false\" header_2_font_size_tablet=\"\" header_2_font_size_phone=\"30px\" header_2_font_size_last_edited=\"on|phone\" header_3_font_size_tablet=\"\" header_3_font_size_phone=\"24px\" header_3_font_size_last_edited=\"on|phone\" global_colors_info=\"{}\"]\n\nGemeinsam befruchteten wir uns gegenseitig, den Wunsch um die Welt zu segeln, zu verwirklichen. 2019 beschlossen wir, der Reise ein Datum zu geben. Danach begannen schon die Vorbereitungen und wir entschieden rasch, das Schiff zu wechseln. So kam ENJA zu uns.\n\nSo unterschiedlich wir sind, als Paar erg\u00e4nzen wir einander und jeder bringt seine St\u00e4rken und F\u00e4higkeiten ein.\n\n&nbsp;\n\n&nbsp;\n\n[\/et_pb_text][\/et_pb_column][\/et_pb_row][et_pb_row _builder_version=\"4.18.0\" _module_preset=\"default\" background_color=\"#FFFFFF\" custom_padding=\"0px||||false|false\" global_colors_info=\"{}\"][et_pb_column type=\"4_4\" _builder_version=\"4.18.0\" _module_preset=\"default\" global_colors_info=\"{}\"][et_pb_text _builder_version=\"4.18.0\" _module_preset=\"default\" background_color=\"#FFFFFF\" custom_padding=\"25px|25px|25px|25px|false|false\" header_2_font_size_tablet=\"\" header_2_font_size_phone=\"30px\" header_2_font_size_last_edited=\"on|phone\" header_3_font_size_tablet=\"\" header_3_font_size_phone=\"24px\" header_3_font_size_last_edited=\"on|phone\" global_colors_info=\"{}\"]\n\nThomas ist ein gro\u00dfartiger Skipper! Routenplanung, Wetter und technische Herausforderungen, mir ist noch nichts untergekommen, das er nicht l\u00f6sen konnte. Mit ihm f\u00fchlt man sich sicher und das ist eine wichtige Voraussetzung f\u00fcr so ein gro\u00dfes Unternehmen.\n\nIch bringe Optimismus, Tatendrang und Kreativit\u00e4t ein und unterst\u00fctze beim Segeln nach Kr\u00e4ften.\n\nEs ist nicht selbstverst\u00e4ndlich, einander gegenseitig zu ermutigen und an einem Strang zu ziehen, daher sind wir sehr dankbar, dass wir in unserer Partnerschaft so weit gekommen sind.\n\n[\/et_pb_text][\/et_pb_column][\/et_pb_row][\/et_pb_section][et_pb_section fb_built=\"1\" module_id=\"wo\" _builder_version=\"4.18.0\" _module_preset=\"default\" global_colors_info=\"{}\"][et_pb_row _builder_version=\"4.18.0\" _module_preset=\"default\" global_colors_info=\"{}\"][et_pb_column type=\"4_4\" _builder_version=\"4.18.0\" _module_preset=\"default\" global_colors_info=\"{}\"][et_pb_text _builder_version=\"4.18.0\" _module_preset=\"default\" global_colors_info=\"{}\"]\n<h2 style=\"text-align: center;\">Wo waren wir bis 2022?<\/h2>\n[\/et_pb_text][\/et_pb_column][\/et_pb_row][et_pb_row _builder_version=\"4.18.0\" _module_preset=\"default\" global_colors_info=\"{}\"][et_pb_column type=\"4_4\" _builder_version=\"4.18.0\" _module_preset=\"default\" global_colors_info=\"{}\"][et_pb_text _builder_version=\"4.18.0\" _module_preset=\"default\" global_colors_info=\"{}\"]\n<h3>13 besuchte L\u00e4nder und <span>16.230 g<\/span><span>esegelte Meilen&nbsp;<\/span><\/h3>\n<strong><\/strong>\n\n<strong>Europa<\/strong>\n\n<span>Italien, Kroatien, Griechenland, T\u00fcrkei, Frankreich, Malta, England, D\u00e4nemark<\/span>\n\n<strong>Rest der Welt<\/strong><span><\/span>\n\n<span>Kapverden, Gran Canaria, Thailand, Malaysia, Philippinen<\/span>\n\n[\/et_pb_text][et_pb_text _builder_version=\"4.18.0\" _module_preset=\"default\" global_colors_info=\"{}\"][\/et_pb_text][\/et_pb_column][\/et_pb_row][\/et_pb_section]","_et_gb_content_width":"","footnotes":""},"class_list":["post-1038","page","type-page","status-publish","hentry"],"_links":{"self":[{"href":"https:\/\/sailing-enja.com\/en\/wp-json\/wp\/v2\/pages\/1038","targetHints":{"allow":["GET"]}}],"collection":[{"href":"https:\/\/sailing-enja.com\/en\/wp-json\/wp\/v2\/pages"}],"about":[{"href":"https:\/\/sailing-enja.com\/en\/wp-json\/wp\/v2\/types\/page"}],"author":[{"embeddable":true,"href":"https:\/\/sailing-enja.com\/en\/wp-json\/wp\/v2\/users\/1"}],"replies":[{"embeddable":true,"href":"https:\/\/sailing-enja.com\/en\/wp-json\/wp\/v2\/comments?post=1038"}],"version-history":[{"count":8,"href":"https:\/\/sailing-enja.com\/en\/wp-json\/wp\/v2\/pages\/1038\/revisions"}],"predecessor-version":[{"id":1051,"href":"https:\/\/sailing-enja.com\/en\/wp-json\/wp\/v2\/pages\/1038\/revisions\/1051"}],"wp:attachment":[{"href":"https:\/\/sailing-enja.com\/en\/wp-json\/wp\/v2\/media?parent=1038"}],"curies":[{"name":"wp","href":"https:\/\/api.w.org\/{rel}","templated":true}]}}