{"id":1057,"date":"2021-07-12T16:02:10","date_gmt":"2021-07-12T14:02:10","guid":{"rendered":"https:\/\/sailing-enja.com\/das-boot\/"},"modified":"2022-11-23T14:22:29","modified_gmt":"2022-11-23T13:22:29","slug":"das-boot","status":"publish","type":"page","link":"https:\/\/sailing-enja.com\/en\/das-boot\/","title":{"rendered":"Unser Katamaran ENJA"},"content":{"rendered":"<p>[et_pb_section fb_built=&#8221;1&#8243; fullwidth=&#8221;on&#8221; _builder_version=&#8221;4.16&#8243; _module_preset=&#8221;default&#8221; global_colors_info=&#8221;{}&#8221;][et_pb_fullwidth_post_title meta=&#8221;off&#8221; featured_image=&#8221;off&#8221; _builder_version=&#8221;4.19.0&#8243; _module_preset=&#8221;default&#8221; title_font=&#8221;Caveat||||||||&#8221; title_text_align=&#8221;center&#8221; title_text_color=&#8221;#FFFFFF&#8221; title_font_size=&#8221;140px&#8221; title_line_height=&#8221;1.2em&#8221; background_image=&#8221;https:\/\/sailing-enja.com\/wp-content\/uploads\/2021\/07\/nattu-adnan-Ai2TRdvI6gM-unsplash-scaled.jpg&#8221; custom_padding=&#8221;120px||100px||false|false&#8221; hover_enabled=&#8221;0&#8243; title_font_size_tablet=&#8221;&#8221; title_font_size_phone=&#8221;40px&#8221; title_font_size_last_edited=&#8221;on|phone&#8221; title_text_shadow_style=&#8221;preset1&#8243; global_module=&#8221;140&#8243; saved_tabs=&#8221;all&#8221; global_colors_info=&#8221;{}&#8221; sticky_enabled=&#8221;0&#8243;][\/et_pb_fullwidth_post_title][\/et_pb_section][et_pb_section fb_built=&#8221;1&#8243; _builder_version=&#8221;4.16&#8243; _module_preset=&#8221;default&#8221; collapsed=&#8221;on&#8221; global_colors_info=&#8221;{}&#8221;][et_pb_row _builder_version=&#8221;4.16&#8243; _module_preset=&#8221;default&#8221; global_colors_info=&#8221;{}&#8221;][et_pb_column type=&#8221;4_4&#8243; _builder_version=&#8221;4.16&#8243; _module_preset=&#8221;default&#8221; global_colors_info=&#8221;{}&#8221;][et_pb_text admin_label=&#8221;Text&#8221; _builder_version=&#8221;4.16&#8243; background_size=&#8221;initial&#8221; background_position=&#8221;top_left&#8221; background_repeat=&#8221;repeat&#8221; text_orientation=&#8221;center&#8221; header_2_font_size_tablet=&#8221;&#8221; header_2_font_size_phone=&#8221;30px&#8221; header_2_font_size_last_edited=&#8221;on|phone&#8221; global_colors_info=&#8221;{}&#8221;]<\/p>\n<h2 style=\"text-align: center;\">Name und Symbol<\/h2>\n<p>[\/et_pb_text][\/et_pb_column][\/et_pb_row][et_pb_row column_structure=&#8221;2_5,3_5&#8243; _builder_version=&#8221;4.16&#8243; _module_preset=&#8221;default&#8221; global_colors_info=&#8221;{}&#8221;][et_pb_column type=&#8221;2_5&#8243; _builder_version=&#8221;4.16&#8243; _module_preset=&#8221;default&#8221; global_colors_info=&#8221;{}&#8221;][et_pb_image src=&#8221;https:\/\/sailing-enja.com\/wp-content\/uploads\/2022\/01\/Logo_enja.jpg&#8221; title_text=&#8221;Logo_enja&#8221; align=&#8221;center&#8221; _builder_version=&#8221;4.16&#8243; _module_preset=&#8221;default&#8221; max_height=&#8221;200px&#8221; custom_padding=&#8221;30px||||false|false&#8221; global_colors_info=&#8221;{}&#8221;][\/et_pb_image][\/et_pb_column][et_pb_column type=&#8221;3_5&#8243; _builder_version=&#8221;4.16&#8243; _module_preset=&#8221;default&#8221; global_colors_info=&#8221;{}&#8221;][et_pb_text _builder_version=&#8221;4.19.0&#8243; _module_preset=&#8221;default&#8221; global_colors_info=&#8221;{}&#8221;]<\/p>\n<p>Unsere Schiffe hatten immer einen Namen der unserem Lebensabschnitt entsprochen hat. F\u00fcr die gro\u00dfe Reise haben wir unser Schiff <strong>ENJA<\/strong> getauft und das bedeutet \u201c<strong>Quelle des Lebens<\/strong>\u201d.<\/p>\n<p>Die Angelhaken-Form des <strong>Hei Matau<\/strong> findet ihren Ursprung in der Legende der M\u0101ori und z\u00e4hlt zu den st\u00e4rksten M\u0101ori Symbolen und zeigt ihre alte Beziehung zum Meeresgott Tangaroa, sowie ihre Verbindung zum Wasser. \u00a0Als Talisman symbolisiert es Willensst\u00e4rke, ein erfolgreiches Leben, Gl\u00fcck und die sichere Reise \u00fcber das Wasser.<\/p>\n<p>[\/et_pb_text][\/et_pb_column][\/et_pb_row][\/et_pb_section][et_pb_section fb_built=&#8221;1&#8243; admin_label=&#8221;section&#8221; _builder_version=&#8221;4.18.0&#8243; background_color=&#8221;rgba(0,162,211,0.1)&#8221; collapsed=&#8221;on&#8221; global_colors_info=&#8221;{}&#8221;][et_pb_row _builder_version=&#8221;4.16&#8243; _module_preset=&#8221;default&#8221; global_colors_info=&#8221;{}&#8221;][et_pb_column type=&#8221;4_4&#8243; _builder_version=&#8221;4.16&#8243; _module_preset=&#8221;default&#8221; global_colors_info=&#8221;{}&#8221;][et_pb_text _builder_version=&#8221;4.16&#8243; _module_preset=&#8221;default&#8221; global_colors_info=&#8221;{}&#8221;]<\/p>\n<h2 style=\"text-align: center;\">ENJA Outremer 49<\/h2>\n<p>[\/et_pb_text][\/et_pb_column][\/et_pb_row][et_pb_row column_structure=&#8221;2_5,3_5&#8243; admin_label=&#8221;row&#8221; _builder_version=&#8221;4.16&#8243; background_size=&#8221;initial&#8221; background_position=&#8221;top_left&#8221; background_repeat=&#8221;repeat&#8221; global_colors_info=&#8221;{}&#8221;][et_pb_column type=&#8221;2_5&#8243; _builder_version=&#8221;4.16&#8243; custom_padding=&#8221;|||&#8221; global_colors_info=&#8221;{}&#8221; custom_padding__hover=&#8221;|||&#8221;][et_pb_image src=&#8221;https:\/\/sailing-enja.com\/wp-content\/uploads\/2021\/09\/enja.png&#8221; _builder_version=&#8221;4.16&#8243; _module_preset=&#8221;default&#8221; custom_padding=&#8221;10px||||false|false&#8221; global_colors_info=&#8221;{}&#8221;][\/et_pb_image][\/et_pb_column][et_pb_column type=&#8221;3_5&#8243; _builder_version=&#8221;4.16&#8243; custom_padding=&#8221;|||&#8221; global_colors_info=&#8221;{}&#8221; custom_padding__hover=&#8221;|||&#8221;][et_pb_text _builder_version=&#8221;4.19.0&#8243; _module_preset=&#8221;default&#8221; header_2_font_size_tablet=&#8221;&#8221; header_2_font_size_phone=&#8221;30px&#8221; header_2_font_size_last_edited=&#8221;on|phone&#8221; global_colors_info=&#8221;{}&#8221;]<strong>Unser Outremer 49<\/strong> wurde 2010 in der franz\u00f6sischen Werft gebaut und spiegelt die neue Philosophie der Werft seit 2009 wieder, wobei immer der Geist von G\u00e9rard Danson beibehalten wurde! Der 49er wurde nach den Pl\u00e4nen von Christophe Barreau und dem Design von Franck Darnet gebaut, ohne dabei auf Komfort, Platz und ausgezeichnete Segeleigenschaften zu verzichten. Es wurden 11 St\u00fcck von diesem Schiffstyp gebaut, das noch viele herausragende Elemente der urspr\u00fcnglichen Schiffe enth\u00e4lt und zu den besten Entw\u00fcrfen der Werft geh\u00f6rt. Wir sind sehr froh eines dieser wunderbaren Fahrtenschiffe, segeln zu d\u00fcrfen.<\/span><\/p>\n<p>Das Schiff wurde als Eignerversion mit 3 Kabinen gebaut. Der linke Rumpf ist f\u00fcr den Eigner und der rechte Rumpf ist f\u00fcr unsere Mitsegler ausgebaut. Beide R\u00fcmpfe haben ein eigenes WC und Dusche.<\/p>\n<p>1x Doppelkabine im Bug. Gr\u00f6\u00dfe 135 x 200 (auch als Stockbett f\u00fcr zwei Einzelperson oder Kinder nutzbar)<br \/>\n1x Doppelkabine im Heck. Gr\u00f6\u00dfe 150 x 200 cm[\/et_pb_text][\/et_pb_column][\/et_pb_row][et_pb_row _builder_version=&#8221;4.16&#8243; _module_preset=&#8221;default&#8221; global_colors_info=&#8221;{}&#8221;][et_pb_column type=&#8221;4_4&#8243; _builder_version=&#8221;4.16&#8243; _module_preset=&#8221;default&#8221; global_colors_info=&#8221;{}&#8221;][et_pb_text _builder_version=&#8221;4.16&#8243; _module_preset=&#8221;default&#8221; header_3_font_size_tablet=&#8221;&#8221; header_3_font_size_phone=&#8221;24px&#8221; header_3_font_size_last_edited=&#8221;on|phone&#8221; global_colors_info=&#8221;{}&#8221;]<\/p>\n<h3>Kabinen und Deckshaus<\/h3>\n<p>[\/et_pb_text][et_pb_gallery gallery_ids=&#8221;244,327,325,323,321,319&#8243; _builder_version=&#8221;4.16&#8243; _module_preset=&#8221;default&#8221; caption_font=&#8221;|300|||||||&#8221; caption_font_size=&#8221;12px&#8221; global_colors_info=&#8221;{}&#8221;][\/et_pb_gallery][\/et_pb_column][\/et_pb_row][et_pb_row _builder_version=&#8221;4.16&#8243; _module_preset=&#8221;default&#8221; global_colors_info=&#8221;{}&#8221;][et_pb_column type=&#8221;4_4&#8243; _builder_version=&#8221;4.16&#8243; _module_preset=&#8221;default&#8221; global_colors_info=&#8221;{}&#8221;][et_pb_image src=&#8221;https:\/\/sailing-enja.com\/wp-content\/uploads\/2021\/07\/plan-enja.jpg&#8221; title_text=&#8221;plan-enja&#8221; _builder_version=&#8221;4.16&#8243; _module_preset=&#8221;default&#8221; global_colors_info=&#8221;{}&#8221;][\/et_pb_image][\/et_pb_column][\/et_pb_row][\/et_pb_section]<\/p>\n","protected":false},"excerpt":{"rendered":"<p>Name und SymbolUnsere Schiffe hatten immer einen Namen der unserem Lebensabschnitt entsprochen hat. F\u00fcr die gro\u00dfe Reise haben wir unser Schiff ENJA getauft und das bedeutet \u201cQuelle des Lebens\u201d. Die Angelhaken-Form des Hei Matau findet ihren Ursprung in der Legende der M\u0101ori und z\u00e4hlt zu den st\u00e4rksten M\u0101ori Symbolen und zeigt ihre alte Beziehung zum [&hellip;]<\/p>\n","protected":false},"author":1,"featured_media":0,"parent":0,"menu_order":0,"comment_status":"closed","ping_status":"closed","template":"","meta":{"_et_pb_use_builder":"on","_et_pb_old_content":"<!-- wp:paragraph -->\n<p>Ein\u00a0<strong>Trimaran<\/strong>\u00a0ist ein\u00a0Boot\u00a0oder Schiff mit drei \u2013 in mehr oder weniger gro\u00dfem Abstand \u2013 parallel angeordneten, schmalen\u00a0R\u00fcmpfen. Der mittlere Rumpf ist der gr\u00f6\u00dfte, die beiden seitlichen dienen der Kippstabilit\u00e4t.<\/p>\n<!-- \/wp:paragraph -->\n\n<!-- wp:paragraph -->\n<p>Wie der\u00a0Katamaran, der zwei R\u00fcmpfe hat, geh\u00f6rt der Trimaran zu den\u00a0Mehrrumpfbooten, die sich durch hohe Geschwindigkeiten auszeichnen. Unter Segelbooten sind Trimarane heute in der Regel die schnellsten Boote \u00fcberhaupt und halten beispielsweise die Rekorde f\u00fcr die schnellste\u00a0Weltumsegelung,\u00a0Atlantik\u00fcberquerung\u00a0usw.<\/p>\n<!-- \/wp:paragraph -->\n\n<!-- wp:paragraph -->\n<p>Boote mit mehr als drei R\u00fcmpfen (Tetramaran,\u00a0Pentamaran) sind sehr selten.<\/p>\n<!-- \/wp:paragraph -->","_et_gb_content_width":"1080","footnotes":""},"class_list":["post-1057","page","type-page","status-publish","hentry"],"_links":{"self":[{"href":"https:\/\/sailing-enja.com\/en\/wp-json\/wp\/v2\/pages\/1057","targetHints":{"allow":["GET"]}}],"collection":[{"href":"https:\/\/sailing-enja.com\/en\/wp-json\/wp\/v2\/pages"}],"about":[{"href":"https:\/\/sailing-enja.com\/en\/wp-json\/wp\/v2\/types\/page"}],"author":[{"embeddable":true,"href":"https:\/\/sailing-enja.com\/en\/wp-json\/wp\/v2\/users\/1"}],"replies":[{"embeddable":true,"href":"https:\/\/sailing-enja.com\/en\/wp-json\/wp\/v2\/comments?post=1057"}],"version-history":[{"count":7,"href":"https:\/\/sailing-enja.com\/en\/wp-json\/wp\/v2\/pages\/1057\/revisions"}],"predecessor-version":[{"id":1074,"href":"https:\/\/sailing-enja.com\/en\/wp-json\/wp\/v2\/pages\/1057\/revisions\/1074"}],"wp:attachment":[{"href":"https:\/\/sailing-enja.com\/en\/wp-json\/wp\/v2\/media?parent=1057"}],"curies":[{"name":"wp","href":"https:\/\/api.w.org\/{rel}","templated":true}]}}